{"id":69,"date":"2015-07-29T13:44:44","date_gmt":"2015-07-29T13:44:44","guid":{"rendered":"https:\/\/optimus.qsandbox.com:3443\/app_user\/qsu6361\/site\/ayushstha143-magazinex-demo.sites.qsandbox.com\/?page_id=4"},"modified":"2026-02-10T04:51:54","modified_gmt":"2026-02-10T04:51:54","slug":"home-2","status":"publish","type":"page","link":"https:\/\/honguyenvu.com\/","title":{"rendered":"Tin ch\u00ednh"},"content":{"rendered":"\n<div class=\"alignfull mzb-section mzb-section-bfef5714 cm-block-alignfull alignfull\"><div class=\"mzb-container-fluid\"><div class=\"mzb-section-inner\">\n<div class=\"mzb-column mzb-column-31b27b5d\"><div class=\"mzb-column-inner\">\n<div class=\"mzb-section mzb-section-4783384d\"><div class=\"mzb-container\"><div class=\"mzb-section-inner\">\n<div class=\"mzb-column mzb-column-a0f2d6fd\"><div class=\"mzb-column-inner\"><div class=\"mzb-banner-posts mzb-banner-posts-6d222d36  mzb-heading-layout-1-style-1\"><div class=\"mzb-post-heading mzb-heading-layout-1 mzb-heading-layout-1-style-1\"><\/div><div class=\"mzb-posts mzb-layout-1 mzb-layout-1-style-1\"><div class=\"mzb-post mzb-first-post--highlight\"><div class=\"mzb-featured-image none\"><a href=\"https:\/\/honguyenvu.com\/?p=387\" alt=\"T\u1ed4 CH\u1ee8C L\u1ec4 T\u1ebe T\u1ed4 XU\u00c2N B\u00cdNH NG\u1ecc 2026 &amp; C\u00c1C HO\u1ea0T \u0110\u1ed8NG M\u1edaI C\u1ee6A GIA T\u1ed8C\"\/><img decoding=\"async\" src=\"https:\/\/honguyenvu.com\/wp-content\/uploads\/2022\/08\/Le-To-2026.jpg\" alt=\"T\u1ed4 CH\u1ee8C L\u1ec4 T\u1ebe T\u1ed4 XU\u00c2N B\u00cdNH NG\u1ecc 2026 &amp; C\u00c1C HO\u1ea0T \u0110\u1ed8NG M\u1edaI C\u1ee6A GIA T\u1ed8C\"\/><\/a><\/div><div class=\"mzb-post-content\"><div class=\"mzb-post-meta\"><span class=\"mzb-post-categories\"><a href=\"https:\/\/honguyenvu.com\/?cat=44\" rel=\"category\" class=\"category-link category-link-44\">N\u1ed5i b\u1eadt<\/a> <a href=\"https:\/\/honguyenvu.com\/?cat=85\" rel=\"category\" class=\"category-link category-link-85\">Th\u00f4ng\u00a0b\u00e1o<\/a><\/span><\/div><h3 class=\"mzb-post-title\"><a href=\"https:\/\/honguyenvu.com\/?p=387\">T\u1ed4 CH\u1ee8C L\u1ec4 T\u1ebe T\u1ed4 XU\u00c2N B\u00cdNH NG\u1ecc 2026 &amp; C\u00c1C HO\u1ea0T \u0110\u1ed8NG M\u1edaI C\u1ee6A GIA T\u1ed8C<\/a><\/h3><div class=\"mzb-post-entry-meta mzb-meta-separator--none\"><span class=\"mzb-post-author\"><img decoding=\"async\" class=\"post-author-image\" src=\"https:\/\/honguyenvu.com\/wp-content\/plugins\/ultimate-member\/assets\/img\/default_avatar.jpg\"\/><a href=\"https:\/\/honguyenvu.com\/bqt\/bqt\" title=\"\u0110\u0103ng b\u1edfi BQT\" rel=\"author\">BQT<\/a><\/span><span class=\"mzb-post-date\"><svg class=\"mzb-icon mzb-icon--calender\" xmlns=\"http:\/\/www.w3.org\/2000\/svg\" viewBox=\"0 0 14 14\">\n                <path d=\"M1.892 12.929h10.214V5.5H1.892v7.429zm2.786-8.822v-2.09a.226.226 0 00-.066-.166.226.226 0 00-.166-.065H3.98a.226.226 0 00-.167.065.226.226 0 00-.065.167v2.09c0 .067.022.122.065.166.044.044.1.065.167.065h.465a.226.226 0 00.166-.065.226.226 0 00.066-.167zm5.571 0v-2.09a.226.226 0 00-.065-.166.226.226 0 00-.167-.065h-.464a.226.226 0 00-.167.065.226.226 0 00-.065.167v2.09c0 .067.021.122.065.166.043.044.099.065.167.065h.464a.226.226 0 00.167-.065.226.226 0 00.065-.167zm2.786-.464v9.286c0 .251-.092.469-.276.652a.892.892 0 01-.653.276H1.892a.892.892 0 01-.653-.275.892.892 0 01-.276-.653V3.643c0-.252.092-.47.276-.653a.892.892 0 01.653-.276h.929v-.696c0-.32.113-.593.34-.82.228-.227.501-.34.82-.34h.465c.319 0 .592.113.82.34.227.227.34.5.34.82v.696h2.786v-.696c0-.32.114-.593.34-.82.228-.227.501-.34.82-.34h.465c.32 0 .592.113.82.34.227.227.34.5.34.82v.696h.93c.25 0 .468.092.652.276a.892.892 0 01.276.653z\" \/>\n            <\/svg><a href=\"https:\/\/honguyenvu.com\/?p=387\">1 Th\u00e1ng 2, 2026<\/a><\/span><\/div><\/div><\/div><div class=\"mzb-post\"><div class=\"mzb-featured-image none\"><a href=\"https:\/\/honguyenvu.com\/?p=309\" alt=\"L\u1ec5 d\u00e2ng h\u01b0\u01a1ng c\u00fang T\u1ed5 \u0111\u1ea7u xu\u00e2n 2025 \u2013 N\u00e9t \u0111\u1eb9p truy\u1ec1n th\u1ed1ng c\u1ee7a D\u00f2ng h\u1ecd Nguy\u1ec5n V\u0169, l\u00e0ng Ph\u00fa K\u00ea\"\/><img decoding=\"async\" src=\"https:\/\/honguyenvu.com\/wp-content\/uploads\/2025\/08\/Bai1-VevoiCoiNguonNguyenVuPhuKe-02.jpg\" alt=\"L\u1ec5 d\u00e2ng h\u01b0\u01a1ng c\u00fang T\u1ed5 \u0111\u1ea7u xu\u00e2n 2025 \u2013 N\u00e9t \u0111\u1eb9p truy\u1ec1n th\u1ed1ng c\u1ee7a D\u00f2ng h\u1ecd Nguy\u1ec5n V\u0169, l\u00e0ng Ph\u00fa K\u00ea\"\/><\/a><\/div><div class=\"mzb-post-content\"><div class=\"mzb-post-meta\"><span class=\"mzb-post-categories\"><a href=\"https:\/\/honguyenvu.com\/?cat=43\" rel=\"category\" class=\"category-link category-link-43\">H\u1ed9i l\u1ec5<\/a> <a href=\"https:\/\/honguyenvu.com\/?cat=44\" rel=\"category\" class=\"category-link category-link-44\">N\u1ed5i b\u1eadt<\/a><\/span><\/div><h3 class=\"mzb-post-title\"><a href=\"https:\/\/honguyenvu.com\/?p=309\">L\u1ec5 d\u00e2ng h\u01b0\u01a1ng c\u00fang T\u1ed5 \u0111\u1ea7u xu\u00e2n 2025 \u2013 N\u00e9t \u0111\u1eb9p truy\u1ec1n th\u1ed1ng c\u1ee7a D\u00f2ng h\u1ecd Nguy\u1ec5n V\u0169, l\u00e0ng Ph\u00fa K\u00ea<\/a><\/h3><div class=\"mzb-post-entry-meta mzb-meta-separator--none\"><span class=\"mzb-post-author\"><img decoding=\"async\" class=\"post-author-image\" src=\"https:\/\/honguyenvu.com\/wp-content\/plugins\/ultimate-member\/assets\/img\/default_avatar.jpg\"\/><a href=\"https:\/\/honguyenvu.com\/bqt\/bqt\" title=\"\u0110\u0103ng b\u1edfi BQT\" rel=\"author\">BQT<\/a><\/span><span class=\"mzb-post-date\"><svg class=\"mzb-icon mzb-icon--calender\" xmlns=\"http:\/\/www.w3.org\/2000\/svg\" viewBox=\"0 0 14 14\">\n                <path d=\"M1.892 12.929h10.214V5.5H1.892v7.429zm2.786-8.822v-2.09a.226.226 0 00-.066-.166.226.226 0 00-.166-.065H3.98a.226.226 0 00-.167.065.226.226 0 00-.065.167v2.09c0 .067.022.122.065.166.044.044.1.065.167.065h.465a.226.226 0 00.166-.065.226.226 0 00.066-.167zm5.571 0v-2.09a.226.226 0 00-.065-.166.226.226 0 00-.167-.065h-.464a.226.226 0 00-.167.065.226.226 0 00-.065.167v2.09c0 .067.021.122.065.166.043.044.099.065.167.065h.464a.226.226 0 00.167-.065.226.226 0 00.065-.167zm2.786-.464v9.286c0 .251-.092.469-.276.652a.892.892 0 01-.653.276H1.892a.892.892 0 01-.653-.275.892.892 0 01-.276-.653V3.643c0-.252.092-.47.276-.653a.892.892 0 01.653-.276h.929v-.696c0-.32.113-.593.34-.82.228-.227.501-.34.82-.34h.465c.319 0 .592.113.82.34.227.227.34.5.34.82v.696h2.786v-.696c0-.32.114-.593.34-.82.228-.227.501-.34.82-.34h.465c.32 0 .592.113.82.34.227.227.34.5.34.82v.696h.93c.25 0 .468.092.652.276a.892.892 0 01.276.653z\" \/>\n            <\/svg><a href=\"https:\/\/honguyenvu.com\/?p=309\">28 Th\u00e1ng 8, 2025<\/a><\/span><\/div><\/div><\/div><div class=\"mzb-post\"><div class=\"mzb-featured-image none\"><a href=\"https:\/\/honguyenvu.com\/?p=303\" alt=\"L\u1ec5 Th\u01b0\u1ee3ng th\u1ecd 70 tu\u1ed5i \u2013 N\u00e9t \u0111\u1eb9p truy\u1ec1n th\u1ed1ng \u201cU\u1ed1ng n\u01b0\u1edbc nh\u1edb ngu\u1ed3n\u201d trong D\u00f2ng h\u1ecd\"\/><img decoding=\"async\" src=\"https:\/\/honguyenvu.com\/wp-content\/uploads\/2022\/08\/Leto-01.jpg\" alt=\"L\u1ec5 Th\u01b0\u1ee3ng th\u1ecd 70 tu\u1ed5i \u2013 N\u00e9t \u0111\u1eb9p truy\u1ec1n th\u1ed1ng \u201cU\u1ed1ng n\u01b0\u1edbc nh\u1edb ngu\u1ed3n\u201d trong D\u00f2ng h\u1ecd\"\/><\/a><\/div><div class=\"mzb-post-content\"><div class=\"mzb-post-meta\"><span class=\"mzb-post-categories\"><a href=\"https:\/\/honguyenvu.com\/?cat=53\" rel=\"category\" class=\"category-link category-link-53\">Gia phong<\/a> <a href=\"https:\/\/honguyenvu.com\/?cat=44\" rel=\"category\" class=\"category-link category-link-44\">N\u1ed5i b\u1eadt<\/a><\/span><\/div><h3 class=\"mzb-post-title\"><a href=\"https:\/\/honguyenvu.com\/?p=303\">L\u1ec5 Th\u01b0\u1ee3ng th\u1ecd 70 tu\u1ed5i \u2013 N\u00e9t \u0111\u1eb9p truy\u1ec1n th\u1ed1ng \u201cU\u1ed1ng n\u01b0\u1edbc nh\u1edb ngu\u1ed3n\u201d trong D\u00f2ng h\u1ecd<\/a><\/h3><div class=\"mzb-post-entry-meta mzb-meta-separator--none\"><span class=\"mzb-post-author\"><img decoding=\"async\" class=\"post-author-image\" src=\"https:\/\/honguyenvu.com\/wp-content\/plugins\/ultimate-member\/assets\/img\/default_avatar.jpg\"\/><a href=\"https:\/\/honguyenvu.com\/bqt\/bqt\" title=\"\u0110\u0103ng b\u1edfi BQT\" rel=\"author\">BQT<\/a><\/span><span class=\"mzb-post-date\"><svg class=\"mzb-icon mzb-icon--calender\" xmlns=\"http:\/\/www.w3.org\/2000\/svg\" viewBox=\"0 0 14 14\">\n                <path d=\"M1.892 12.929h10.214V5.5H1.892v7.429zm2.786-8.822v-2.09a.226.226 0 00-.066-.166.226.226 0 00-.166-.065H3.98a.226.226 0 00-.167.065.226.226 0 00-.065.167v2.09c0 .067.022.122.065.166.044.044.1.065.167.065h.465a.226.226 0 00.166-.065.226.226 0 00.066-.167zm5.571 0v-2.09a.226.226 0 00-.065-.166.226.226 0 00-.167-.065h-.464a.226.226 0 00-.167.065.226.226 0 00-.065.167v2.09c0 .067.021.122.065.166.043.044.099.065.167.065h.464a.226.226 0 00.167-.065.226.226 0 00.065-.167zm2.786-.464v9.286c0 .251-.092.469-.276.652a.892.892 0 01-.653.276H1.892a.892.892 0 01-.653-.275.892.892 0 01-.276-.653V3.643c0-.252.092-.47.276-.653a.892.892 0 01.653-.276h.929v-.696c0-.32.113-.593.34-.82.228-.227.501-.34.82-.34h.465c.319 0 .592.113.82.34.227.227.34.5.34.82v.696h2.786v-.696c0-.32.114-.593.34-.82.228-.227.501-.34.82-.34h.465c.32 0 .592.113.82.34.227.227.34.5.34.82v.696h.93c.25 0 .468.092.652.276a.892.892 0 01.276.653z\" \/>\n            <\/svg><a href=\"https:\/\/honguyenvu.com\/?p=303\">28 Th\u00e1ng 8, 2025<\/a><\/span><\/div><\/div><\/div><div class=\"mzb-post\"><div class=\"mzb-featured-image none\"><a href=\"https:\/\/honguyenvu.com\/?p=178\" alt=\"GIA PH\u1ea2 D\u00d2NG H\u1ecc NGUY\u1ec4N V\u0168: Ngu\u1ed3n c\u1ed9i h\u00ecnh th\u00e0nh v\u00e0 ph\u00e1t tri\u1ec3n d\u00f2ng h\u1ecd\"\/><img decoding=\"async\" src=\"https:\/\/honguyenvu.com\/wp-content\/uploads\/2024\/04\/GiaPhaNguyenVu-02.jpg\" alt=\"GIA PH\u1ea2 D\u00d2NG H\u1ecc NGUY\u1ec4N V\u0168: Ngu\u1ed3n c\u1ed9i h\u00ecnh th\u00e0nh v\u00e0 ph\u00e1t tri\u1ec3n d\u00f2ng h\u1ecd\"\/><\/a><\/div><div class=\"mzb-post-content\"><div class=\"mzb-post-meta\"><span class=\"mzb-post-categories\"><a href=\"https:\/\/honguyenvu.com\/?cat=51\" rel=\"category\" class=\"category-link category-link-51\">Truy\u1ec1n th\u1ed1ng<\/a> <a href=\"https:\/\/honguyenvu.com\/?cat=41\" rel=\"category\" class=\"category-link category-link-41\">L\u1ecbch s\u1eed<\/a> <a href=\"https:\/\/honguyenvu.com\/?cat=44\" rel=\"category\" class=\"category-link category-link-44\">N\u1ed5i b\u1eadt<\/a><\/span><\/div><h3 class=\"mzb-post-title\"><a href=\"https:\/\/honguyenvu.com\/?p=178\">GIA PH\u1ea2 D\u00d2NG H\u1ecc NGUY\u1ec4N V\u0168: Ngu\u1ed3n c\u1ed9i h\u00ecnh th\u00e0nh v\u00e0 ph\u00e1t tri\u1ec3n d\u00f2ng h\u1ecd<\/a><\/h3><div class=\"mzb-post-entry-meta mzb-meta-separator--none\"><span class=\"mzb-post-author\"><img decoding=\"async\" class=\"post-author-image\" src=\"https:\/\/honguyenvu.com\/wp-content\/plugins\/ultimate-member\/assets\/img\/default_avatar.jpg\"\/><a href=\"https:\/\/honguyenvu.com\/bqt\/bqt\" title=\"\u0110\u0103ng b\u1edfi BQT\" rel=\"author\">BQT<\/a><\/span><span class=\"mzb-post-date\"><svg class=\"mzb-icon mzb-icon--calender\" xmlns=\"http:\/\/www.w3.org\/2000\/svg\" viewBox=\"0 0 14 14\">\n                <path d=\"M1.892 12.929h10.214V5.5H1.892v7.429zm2.786-8.822v-2.09a.226.226 0 00-.066-.166.226.226 0 00-.166-.065H3.98a.226.226 0 00-.167.065.226.226 0 00-.065.167v2.09c0 .067.022.122.065.166.044.044.1.065.167.065h.465a.226.226 0 00.166-.065.226.226 0 00.066-.167zm5.571 0v-2.09a.226.226 0 00-.065-.166.226.226 0 00-.167-.065h-.464a.226.226 0 00-.167.065.226.226 0 00-.065.167v2.09c0 .067.021.122.065.166.043.044.099.065.167.065h.464a.226.226 0 00.167-.065.226.226 0 00.065-.167zm2.786-.464v9.286c0 .251-.092.469-.276.652a.892.892 0 01-.653.276H1.892a.892.892 0 01-.653-.275.892.892 0 01-.276-.653V3.643c0-.252.092-.47.276-.653a.892.892 0 01.653-.276h.929v-.696c0-.32.113-.593.34-.82.228-.227.501-.34.82-.34h.465c.319 0 .592.113.82.34.227.227.34.5.34.82v.696h2.786v-.696c0-.32.114-.593.34-.82.228-.227.501-.34.82-.34h.465c.32 0 .592.113.82.34.227.227.34.5.34.82v.696h.93c.25 0 .468.092.652.276a.892.892 0 01.276.653z\" \/>\n            <\/svg><a href=\"https:\/\/honguyenvu.com\/?p=178\">29 Th\u00e1ng 4, 2024<\/a><\/span><\/div><\/div><\/div><\/div><\/div><\/div><\/div>\n<\/div><\/div><\/div>\n<\/div><\/div>\n<\/div><\/div><\/div>\n\n\n\n<div class=\"mzb-section mzb-section-890cb78e\"><div class=\"mzb-container\"><div class=\"mzb-section-inner\">\n<div class=\"mzb-column mzb-column-32293276\"><div class=\"mzb-column-inner\">\n\n\n\n<\/div><\/div>\n\n\n\n<div class=\"mzb-column mzb-column-f4e3caa5\"><div class=\"mzb-column-inner\">\n\n<\/div><\/div>\n\n\n\n<div class=\"mzb-column mzb-column-4e68f438\"><div class=\"mzb-column-inner\">\n\n<div class=\"mzb-category-list mzb-category-list-b36cf85e\"><div class=\"mzb-post-heading mzb-heading-layout-1 mzb-heading-layout-1-style-1\"><h2 class=\"mzb-heading-text\">Ch\u1ee7 \u0111\u1ec1 &amp; Th\u01b0 vi\u1ec7n<\/h2><\/div><div class=\"mzb-posts mzb-layout-1 mzb-layout-1-style-1\"><div class=\"mzb-post mzb-52\"><div class=\"mzb-title-wrapper\" style=\"background-image: url(https:\/\/honguyenvu.com\/wp-content\/uploads\/2024\/04\/GiaPhaHoNguyenVu-04.jpg);\"><span class=\"mzb-post-categories\"><a href=\"https:\/\/honguyenvu.com\/?cat=52\" style=\"background-color:;\">B\u00e0i vi\u1ebft<\/a><\/span><\/div><div class=\"mzb-post-count-wrapper\"><div class=\"mzb-post-count\"><a href=\"https:\/\/honguyenvu.com\/?cat=52\">2 <span class=\"mzb-post-count-text\">Posts<\/span><\/a><\/div><\/div><\/div><div class=\"mzb-post mzb-91\"><div class=\"mzb-title-wrapper\" style=\"background-image: url(https:\/\/honguyenvu.com\/wp-content\/uploads\/2022\/08\/NhaThoToNguyenVu-01.jpg);\"><span class=\"mzb-post-categories\"><a href=\"https:\/\/honguyenvu.com\/?cat=91\" style=\"background-color:;\">Ban ngh\u1ecb s\u1ef1<\/a><\/span><\/div><div class=\"mzb-post-count-wrapper\"><div class=\"mzb-post-count\"><a href=\"https:\/\/honguyenvu.com\/?cat=91\">1 <span class=\"mzb-post-count-text\">Posts<\/span><\/a><\/div><\/div><\/div><div class=\"mzb-post mzb-42\"><div class=\"mzb-title-wrapper\" style=\"background-image: url(https:\/\/honguyenvu.com\/wp-content\/uploads\/2022\/08\/Leto-01.jpg);\"><span class=\"mzb-post-categories\"><a href=\"https:\/\/honguyenvu.com\/?cat=42\" style=\"background-color:;\">Chia s\u1ebb<\/a><\/span><\/div><div class=\"mzb-post-count-wrapper\"><div class=\"mzb-post-count\"><a href=\"https:\/\/honguyenvu.com\/?cat=42\">1 <span class=\"mzb-post-count-text\">Posts<\/span><\/a><\/div><\/div><\/div><div class=\"mzb-post mzb-88\"><div class=\"mzb-title-wrapper\" style=\"background-image: url(https:\/\/honguyenvu.com\/wp-content\/uploads\/2022\/08\/Leto-02.jpg);\"><span class=\"mzb-post-categories\"><a href=\"https:\/\/honguyenvu.com\/?cat=88\" style=\"background-color:;\">Ch\u00fac th\u1ecd<\/a><\/span><\/div><div class=\"mzb-post-count-wrapper\"><div class=\"mzb-post-count\"><a href=\"https:\/\/honguyenvu.com\/?cat=88\">3 <span class=\"mzb-post-count-text\">Posts<\/span><\/a><\/div><\/div><\/div><div class=\"mzb-post mzb-55\"><div class=\"mzb-title-wrapper\" style=\"background-image: url(https:\/\/honguyenvu.com\/wp-content\/uploads\/2025\/08\/Bai1-VevoiCoiNguonNguyenVuPhuKe-03.jpg);\"><span class=\"mzb-post-categories\"><a href=\"https:\/\/honguyenvu.com\/?cat=55\" style=\"background-color:;\">Du l\u1ecbch<\/a><\/span><\/div><div class=\"mzb-post-count-wrapper\"><div class=\"mzb-post-count\"><a href=\"https:\/\/honguyenvu.com\/?cat=55\">1 <span class=\"mzb-post-count-text\">Posts<\/span><\/a><\/div><\/div><\/div><\/div><\/div>\n\n<\/div><\/div>\n<\/div><\/div><\/div>\n\n\n\n<div class=\"alignfull mzb-section mzb-section-3ef2262c alignfull\"><div class=\"mzb-container\"><div class=\"mzb-section-inner\">\n<div class=\"mzb-column mzb-column-a804f3dd\"><div class=\"mzb-column-inner\">\n<figure class=\"wp-block-image size-full\"><img loading=\"lazy\" decoding=\"async\" width=\"1199\" height=\"670\" src=\"https:\/\/honguyenvu.com\/wp-content\/uploads\/2022\/08\/NhaThoToNguyenVu-01.jpg\" alt=\"\" class=\"wp-image-1183\"\/><\/figure>\n<\/div><\/div>\n<\/div><\/div><\/div>\n\n\n\n<p><\/p>\n","protected":false},"excerpt":{"rendered":"","protected":false},"author":2,"featured_media":0,"parent":0,"menu_order":0,"comment_status":"open","ping_status":"closed","template":"page-templates\/page-builder.php","meta":{"colormag_page_container_layout":"no_sidebar_full_width","colormag_page_sidebar_layout":"no_sidebar","footnotes":""},"class_list":["post-69","page","type-page","status-publish","hentry"],"magazineBlocksPostFeaturedMedia":{"thumbnail":false,"medium":false,"medium_large":false,"large":false,"1536x1536":false,"2048x2048":false,"colormag-highlighted-post":false,"colormag-featured-post-medium":false,"colormag-featured-post-small":false,"colormag-featured-image":false,"colormag-default-news":false,"colormag-featured-image-large":false},"magazineBlocksPostAuthor":{"name":"BQT","avatar":"https:\/\/honguyenvu.com\/wp-content\/plugins\/ultimate-member\/assets\/img\/default_avatar.jpg"},"magazineBlocksPostCommentsNumber":"0","magazineBlocksPostExcerpt":"","magazineBlocksPostCategories":[],"magazineBlocksPostViewCount":0,"magazineBlocksPostReadTime":0,"_links":{"self":[{"href":"https:\/\/honguyenvu.com\/index.php?rest_route=\/wp\/v2\/pages\/69","targetHints":{"allow":["GET"]}}],"collection":[{"href":"https:\/\/honguyenvu.com\/index.php?rest_route=\/wp\/v2\/pages"}],"about":[{"href":"https:\/\/honguyenvu.com\/index.php?rest_route=\/wp\/v2\/types\/page"}],"author":[{"embeddable":true,"href":"https:\/\/honguyenvu.com\/index.php?rest_route=\/wp\/v2\/users\/2"}],"replies":[{"embeddable":true,"href":"https:\/\/honguyenvu.com\/index.php?rest_route=%2Fwp%2Fv2%2Fcomments&post=69"}],"version-history":[{"count":13,"href":"https:\/\/honguyenvu.com\/index.php?rest_route=\/wp\/v2\/pages\/69\/revisions"}],"predecessor-version":[{"id":1378,"href":"https:\/\/honguyenvu.com\/index.php?rest_route=\/wp\/v2\/pages\/69\/revisions\/1378"}],"wp:attachment":[{"href":"https:\/\/honguyenvu.com\/index.php?rest_route=%2Fwp%2Fv2%2Fmedia&parent=69"}],"curies":[{"name":"wp","href":"https:\/\/api.w.org\/{rel}","templated":true}]}}